{"id":2590,"date":"2026-01-07T08:08:32","date_gmt":"2026-01-07T08:08:32","guid":{"rendered":"https:\/\/physio4balance.ch\/?page_id=2590"},"modified":"2026-01-07T08:47:28","modified_gmt":"2026-01-07T08:47:28","slug":"nutzungsbedingungen","status":"publish","type":"page","link":"https:\/\/physio4balance.ch\/?page_id=2590","title":{"rendered":"Nutzungsbedingungen"},"content":{"rendered":"<h1 class=\"wp-block-post-title\">Nutzungsbedingungen<\/h1>\n\n\n<p>Diese Website wird von der Praxis Physio Balance betrieben. Durch den Zugriff auf diese Website erkl\u00e4ren Sie sich mit diesen Nutzungsbedingungen einverstanden. Der Inhalt dieser Website dient nur zu allgemeinen. Obwohl wir uns in angemessener Weise bem\u00fchen, alle Informationen korrekt und aktuell zu halten, \u00fcbernehmen wir keine Verantwortung oder Haftung f\u00fcr deren Richtigkeit, Vollst\u00e4ndigkeit oder Aktualit\u00e4t.<\/p>\n\n\n\n<p>Sofern nicht anders angegeben, sind die auf dieser Website verf\u00fcgbaren Inhalte urheberrechtlich und\/oder durch andere Rechte an geistigem Eigentum gesch\u00fctzt, und wir bzw. unsere Lizenzgeber behalten alle Rechte an ihnen. Die Verwendung von Inhalten ohne unsere vorherige ausdr\u00fcckliche Zustimmung ist untersagt.<\/p>\n\n\n\n<p>Verweise oder Links zu anderen Websites sind lediglich Vorschl\u00e4ge f\u00fcr zus\u00e4tzliche Informationsquellen. Wir haben keine Kontrolle \u00fcber den Inhalt dieser externen Quellen und \u00fcbernehmen keine Verantwortung oder Haftung f\u00fcr deren Inhalt.<\/p>\n\n\n\n<p>Diese Nutzungsbedingungen unterliegen dem materiellen Schweizer Recht. F\u00fcr alle Streitigkeiten, die sich aus oder im Zusammenhang mit der Nutzung dieser Website ergeben, sind ausschliesslich die Gerichte in Baden, Schweiz, zust\u00e4ndig.<\/p>\n","protected":false},"excerpt":{"rendered":"<p>Diese Website wird von der Praxis Physio Balance betrieben. Durch den Zugriff auf diese Website erkl\u00e4ren Sie sich mit diesen Nutzungsbedingungen einverstanden. Der Inhalt dieser Website dient nur zu allgemeinen. Obwohl wir uns in angemessener Weise bem\u00fchen, alle Informationen korrekt und aktuell zu halten, \u00fcbernehmen wir keine Verantwortung oder Haftung f\u00fcr deren Richtigkeit, Vollst\u00e4ndigkeit oder [&hellip;]<\/p>\n","protected":false},"author":1,"featured_media":0,"parent":0,"menu_order":0,"comment_status":"closed","ping_status":"closed","template":"","meta":{"_themeisle_gutenberg_block_has_review":false,"footnotes":""},"class_list":["post-2590","page","type-page","status-publish","hentry"],"_links":{"self":[{"href":"https:\/\/physio4balance.ch\/index.php?rest_route=\/wp\/v2\/pages\/2590","targetHints":{"allow":["GET"]}}],"collection":[{"href":"https:\/\/physio4balance.ch\/index.php?rest_route=\/wp\/v2\/pages"}],"about":[{"href":"https:\/\/physio4balance.ch\/index.php?rest_route=\/wp\/v2\/types\/page"}],"author":[{"embeddable":true,"href":"https:\/\/physio4balance.ch\/index.php?rest_route=\/wp\/v2\/users\/1"}],"replies":[{"embeddable":true,"href":"https:\/\/physio4balance.ch\/index.php?rest_route=%2Fwp%2Fv2%2Fcomments&post=2590"}],"version-history":[{"count":2,"href":"https:\/\/physio4balance.ch\/index.php?rest_route=\/wp\/v2\/pages\/2590\/revisions"}],"predecessor-version":[{"id":2605,"href":"https:\/\/physio4balance.ch\/index.php?rest_route=\/wp\/v2\/pages\/2590\/revisions\/2605"}],"wp:attachment":[{"href":"https:\/\/physio4balance.ch\/index.php?rest_route=%2Fwp%2Fv2%2Fmedia&parent=2590"}],"curies":[{"name":"wp","href":"https:\/\/api.w.org\/{rel}","templated":true}]}}