{"id":1422,"date":"2021-09-14T19:35:27","date_gmt":"2021-09-14T19:35:27","guid":{"rendered":"http:\/\/physio4balance.ch\/?page_id=1422"},"modified":"2026-01-02T16:53:58","modified_gmt":"2026-01-02T16:53:58","slug":"startseite","status":"publish","type":"page","link":"https:\/\/physio4balance.ch\/","title":{"rendered":"Startseite old"},"content":{"rendered":"<p><img loading=\"lazy\" decoding=\"async\" width=\"300\" height=\"142\" src=\"https:\/\/physio4balance.ch\/wp-content\/uploads\/2021\/09\/pb_logo_2021.png\" alt=\"Physio Balance Logo\" \/>\t\t\t\t\t\t\t\t\t\t\t\t\t\t\t<\/p>\n<h1>Willkommen in unserer Praxis f\u00fcr Physiotherapie im Herzen von Niederrohrdorf<\/h1>\n<h3>Begegnen \/\/<br \/>Erfassen \/\/<br \/>Planen \/\/<\/h3>\n<p style=\"text-align: left;\">W\u00e4hrend der ersten Behandlung f\u00fchren wir mit Ihnen ein Gespr\u00e4ch sowie eine physiotherapeutische Untersuchung durch. Gemeinsam legen wir Ihr pers\u00f6nliches Behandlungsziel fest.<\/p>\n<h3>Entwickeln \/\/<br \/>Bewegen \/\/<br \/>St\u00e4rken \/\/<\/h3>\n<p style=\"text-align: left;\">Damit Sie den individuellen Anforderungen Ihres Alltags gewachsen sind und die k\u00f6rperliche Balance wiederfinden, arbeiten wir gemeinsam an Ihren Bed\u00fcrfnissen. Dies erreichen wir mit Hilfe von gewebsorientierten Techniken und spezifischen \u00dcbungen.<\/p>\n<h3>Beraten \/\/<br \/>Vorbeugen \/\/<br \/>Erhalten \/\/<\/h3>\n<p style=\"text-align: left;\">Wir beraten Sie gerne bez\u00fcglich Ergonomie, Bewegungsverhalten, sportlichen Aktivit\u00e4ten und Hilfsmitteln, um einen langfristigen Therapieerfolg zu erreichen.<\/p>\n<h2>Team<\/h2>\n<p>\t\t\t\t\t\t\t\t\t\t\t\t\t\t\t<img loading=\"lazy\" decoding=\"async\" width=\"1811\" height=\"2250\" src=\"https:\/\/physio4balance.ch\/wp-content\/uploads\/2015\/09\/portrait-katrin-crop.png\" alt=\"\" srcset=\"https:\/\/physio4balance.ch\/wp-content\/uploads\/2015\/09\/portrait-katrin-crop.png 1811w, https:\/\/physio4balance.ch\/wp-content\/uploads\/2015\/09\/portrait-katrin-crop-241x300.png 241w, https:\/\/physio4balance.ch\/wp-content\/uploads\/2015\/09\/portrait-katrin-crop-824x1024.png 824w, https:\/\/physio4balance.ch\/wp-content\/uploads\/2015\/09\/portrait-katrin-crop-1000x1242.png 1000w\" sizes=\"auto, (max-width: 1811px) 100vw, 1811px\" \/>\t\t\t\t\t\t\t\t\t\t\t\t\t\t\t<\/p>\n<h6 style=\"text-align: left;\">Kathrin Steiner Steffen<\/h6>\n<p style=\"text-align: left;\">Physiotherapeutin<\/p>\n<p>1994 Diplom Physiotherapieschule Kantonsspital Basel<\/p>\n<p>1995 \u2013 1998\u00a0Klinik Valens<\/p>\n<p>1998 \u2013 1999\u00a0Rehaklinik Rheinfelden<\/p>\n<p>\t\t\t\t\t\t\t\t\t\t\t\t\t\t\t<img loading=\"lazy\" decoding=\"async\" width=\"1720\" height=\"2128\" src=\"https:\/\/physio4balance.ch\/wp-content\/uploads\/2015\/09\/portrait-gaby-crop.png\" alt=\"\" srcset=\"https:\/\/physio4balance.ch\/wp-content\/uploads\/2015\/09\/portrait-gaby-crop.png 1720w, https:\/\/physio4balance.ch\/wp-content\/uploads\/2015\/09\/portrait-gaby-crop-242x300.png 242w, https:\/\/physio4balance.ch\/wp-content\/uploads\/2015\/09\/portrait-gaby-crop-828x1024.png 828w, https:\/\/physio4balance.ch\/wp-content\/uploads\/2015\/09\/portrait-gaby-crop-1000x1237.png 1000w\" sizes=\"auto, (max-width: 1720px) 100vw, 1720px\" \/>\t\t\t\t\t\t\t\t\t\t\t\t\t\t\t<\/p>\n<h6>Gaby Cisana \u2013 Wettstein<\/h6>\n<p>Physiotherapeutin<\/p>\n<p>1999 Diplom Physiotherapieschule Schinznach<\/p>\n<p style=\"text-align: left;\">1999 \u2013 2009 Rehaklinik<\/p>\n<p>\t\t\t\t\t\t\t\t\t\t\t\t\t\t\t<img loading=\"lazy\" decoding=\"async\" width=\"1712\" height=\"2144\" src=\"https:\/\/physio4balance.ch\/wp-content\/uploads\/2015\/09\/portrait-katja-crop.png\" alt=\"\" srcset=\"https:\/\/physio4balance.ch\/wp-content\/uploads\/2015\/09\/portrait-katja-crop.png 1712w, https:\/\/physio4balance.ch\/wp-content\/uploads\/2015\/09\/portrait-katja-crop-240x300.png 240w, https:\/\/physio4balance.ch\/wp-content\/uploads\/2015\/09\/portrait-katja-crop-818x1024.png 818w, https:\/\/physio4balance.ch\/wp-content\/uploads\/2015\/09\/portrait-katja-crop-1000x1252.png 1000w\" sizes=\"auto, (max-width: 1712px) 100vw, 1712px\" \/>\t\t\t\t\t\t\t\t\t\t\t\t\t\t\t<\/p>\n<h6>Katja Canzani \u2013 Zehnder<\/h6>\n<p>Physiotherapeutin1992 Diplom Physiotherapieschule Bethesda-Spital Basel<br \/>1992 \u2013 1993 Ospedale la Carit\u00e0 Locarno und Praxisvertretungen Locarno<br \/>1993 \u2013 2007 Kantonsspital Baden\t\t<\/p>\n<h2>Angebot<\/h2>\n<h5 style=\"font-variant-ligatures: normal; font-variant-caps: normal; font-family: Helvetica, sans-serif; font-style: normal; letter-spacing: 1.3px;\">Physiotherapeutische Behandlungsmethoden<\/h5>\n<h6>Aktive und passive Bewegungstherapie<\/h6>\n<h6>Manuelle Therapie<\/h6>\n<h6>Neurologische Therapie<\/h6>\n<h6>Domizilbehandlung<\/h6>\n<h6>Ergonomische Beratung<\/h6>\n<h6>Medizinische Massage und Weichteilbehandlung<\/h6>\n<h6>Gewebsorientierte Therapie<\/h6>\n<h6>Triggerpunkttherapie<\/h6>\n<h6>Lymphologische Therapie<\/h6>\n<h6>Beckenbodentherapie<\/h6>\n<h6>Mc Kenzie<\/h6>\n<h6>Elektrotherapie<\/h6>\n<h6>Kinesiotaping<\/h6>\n<h5 style=\"font-variant-ligatures: normal; font-variant-caps: normal; font-family: Helvetica, sans-serif; font-style: normal; letter-spacing: 1.3px;\">Zus\u00e4tzliche Behandlungsmethoden<\/h5>\n<h6>Craniosocrale Osteopathie<\/h6>\n<h6>Integrative K\u00f6rperpsychologie<\/h6>\n<h3>&#8222;Leben ist wie Radfahren: Man muss in Bewegung bleiben, um die Balance zu halten.&#8220;<\/h3>\n<h6><i>Albert Einst<\/i>ein<\/h6>\n<h2>Kontakt<\/h2>\n<p>Praxis f\u00fcr Physiotherapie<br \/>Loonstrasse 4<br \/>5443 Niederrohrdorf<\/p>\n<p>\t\t\t<a href=\"https:\/\/www.google.com\/maps\/place\/Physio+Balance,+Praxis+f%C3%BCr+Physiotherapie\/@47.42296,8.307271,17z\/data=!4m5!3m4!1s0x0:0x91e0572f61171166!8m2!3d47.42296!4d8.307271?hl=de\" target=\"_blank\"><br \/>\n\t\t\t\t\t\t<\/a><\/p>\n<p>T<\/p>\n<p>M<\/p>\n<p>HIN<\/p>\n<p style=\"font-variant-ligatures: normal; font-variant-caps: normal; font-family: Helvetica, sans-serif; font-size: 22px; font-style: normal; font-weight: 100; letter-spacing: 1.3px;\">+41 56 496 21 74<\/p>\n<p style=\"font-variant-ligatures: normal; font-variant-caps: normal; font-family: Helvetica, sans-serif; font-size: 22px; font-style: normal; font-weight: 100; letter-spacing: 1.3px;\"><a style=\"font-variant-ligatures: normal; font-variant-caps: normal; font-style: normal; background-color: #ffffff; letter-spacing: 1.3px;\" href=\"mailto:info@physio4balance.ch\">info@physio4balance.ch<\/a><\/p>\n<p style=\"font-variant-ligatures: normal; font-variant-caps: normal; font-family: Helvetica, sans-serif; font-size: 22px; font-style: normal; font-weight: 100; letter-spacing: 1.3px;\">\u00a0<\/p>\n<p style=\"font-variant-ligatures: normal; font-variant-caps: normal; font-family: Helvetica, sans-serif; font-size: 22px; font-style: normal; font-weight: 100; letter-spacing: 1.3px;\">E-Mail-Adresse f\u00fcr Zuweiser:<\/p>\n<p style=\"font-variant-ligatures: normal; font-variant-caps: normal; font-family: Helvetica, sans-serif; font-size: 22px; font-style: normal; font-weight: 100; letter-spacing: 1.3px;\"><a href=\"mailto:physio4balance@physio-hin.ch\" target=\"_blank\" rel=\"noopener\">physio4balance@physio-hin.ch<\/a><\/p>\n<p>\u00a0<\/p>\n<p>\t\t\t\t\t\t\t\t\t\t\t\t\t\t\t<img loading=\"lazy\" decoding=\"async\" width=\"148\" height=\"148\" src=\"https:\/\/physio4balance.ch\/wp-content\/uploads\/2023\/09\/hinemail.gif\" alt=\"\" \/>\t\t\t\t\t\t\t\t\t\t\t\t\t\t\t<\/p>\n<p style=\"text-align: right;\">\u00a9 physio balance 2025<\/p>\n<p style=\"text-align: right;\">Datenschutz<\/p>\n","protected":false},"excerpt":{"rendered":"<p>Willkommen in unserer Praxis f\u00fcr Physiotherapie im Herzen von Niederrohrdorf Begegnen \/\/Erfassen \/\/Planen \/\/ W\u00e4hrend der ersten Behandlung f\u00fchren wir mit Ihnen ein Gespr\u00e4ch sowie eine physiotherapeutische Untersuchung durch. Gemeinsam legen wir Ihr pers\u00f6nliches Behandlungsziel fest. Entwickeln \/\/Bewegen \/\/St\u00e4rken \/\/ Damit Sie den individuellen Anforderungen Ihres Alltags gewachsen sind und die k\u00f6rperliche Balance wiederfinden, arbeiten [&hellip;]<\/p>\n","protected":false},"author":1,"featured_media":0,"parent":0,"menu_order":0,"comment_status":"closed","ping_status":"closed","template":"elementor_theme","meta":{"_themeisle_gutenberg_block_has_review":false,"footnotes":""},"class_list":["post-1422","page","type-page","status-publish","hentry"],"_links":{"self":[{"href":"https:\/\/physio4balance.ch\/index.php?rest_route=\/wp\/v2\/pages\/1422","targetHints":{"allow":["GET"]}}],"collection":[{"href":"https:\/\/physio4balance.ch\/index.php?rest_route=\/wp\/v2\/pages"}],"about":[{"href":"https:\/\/physio4balance.ch\/index.php?rest_route=\/wp\/v2\/types\/page"}],"author":[{"embeddable":true,"href":"https:\/\/physio4balance.ch\/index.php?rest_route=\/wp\/v2\/users\/1"}],"replies":[{"embeddable":true,"href":"https:\/\/physio4balance.ch\/index.php?rest_route=%2Fwp%2Fv2%2Fcomments&post=1422"}],"version-history":[{"count":589,"href":"https:\/\/physio4balance.ch\/index.php?rest_route=\/wp\/v2\/pages\/1422\/revisions"}],"predecessor-version":[{"id":2392,"href":"https:\/\/physio4balance.ch\/index.php?rest_route=\/wp\/v2\/pages\/1422\/revisions\/2392"}],"wp:attachment":[{"href":"https:\/\/physio4balance.ch\/index.php?rest_route=%2Fwp%2Fv2%2Fmedia&parent=1422"}],"curies":[{"name":"wp","href":"https:\/\/api.w.org\/{rel}","templated":true}]}}